{"id":16448,"date":"2023-01-03T14:21:03","date_gmt":"2023-01-03T22:21:03","guid":{"rendered":"https:\/\/joyofthemountains.com\/histoire\/"},"modified":"2023-05-02T11:39:23","modified_gmt":"2023-05-02T18:39:23","slug":"un-peu-dhistoire","status":"publish","type":"page","link":"https:\/\/joyofthemountains.com\/fr\/un-peu-dhistoire\/","title":{"rendered":"Un peu d\u2019histoire"},"content":{"rendered":"\n<div class=\"wp-block-group lgmargin\"><div class=\"wp-block-group__inner-container is-layout-constrained wp-block-group-is-layout-constrained\">\n        <div class=\"timeline\">\n                    \n                        <div class=\"timeline-container left\">\n                <div class=\"content\" data-aos=\"fade-right\">\n                    <h3>3000 avant notre \u00e8re<\/h3>\n                    <p class=\"opener\" class=\"opener\">\u00c9gyptiens et Babyloniens utilisaient d\u00e9j\u00e0 l\u2019origan 3000 ans avant notre \u00e8re, et de nombreux \u00e9rudits pensent que l\u2019hysope cit\u00e9e dans la Bible \u00e9tait en fait une esp\u00e8ce d\u2019origan sauvage.<\/p>\n                <\/div>\n            <\/div>\n                                \n                        <div class=\"timeline-container right\">\n                <div class=\"content\" data-aos=\"fade-left\">\n                    <h3>460 \u00e0 377 avant notre \u00e8re<\/h3>\n                    <p class=\"opener\">Le m\u00e9decin grec Hippocrate prescrivait l\u2019emploi de l\u2019origan pour les troubles respiratoires et gastro-intestinaux, ainsi que comme antiseptique pour les plaies et les infections.<\/p>\n                <\/div>\n            <\/div>\n                                \n                        <div class=\"timeline-container left\">\n                <div class=\"content\" data-aos=\"fade-right\">\n                    <h3>40 \u00e0 90 de notre \u00e8re<\/h3>\n                    <p class=\"opener\">Dioscoride recommandait l\u2019origan sauvage pour nombre de probl\u00e8mes : toux, congestion pulmonaire, maux d\u2019oreille, inflammation des amygdales, candidose buccale, maux et br\u00fblures d\u2019estomac, flatulences, affections cutan\u00e9es, morsures venimeuses, intoxication narcotique, entorses, enflures, excroissances, spasmes, affections spl\u00e9niques et jaunisse.<\/p>\n<p>Ces usages m\u00e9dicaux sont consign\u00e9s dans son fameux trait\u00e9 dont la version latine, intitul\u00e9e <em>De materia medica<\/em>, est devenue un ouvrage fondateur pour les herboristes et m\u00e9decins qui ont suivi.<\/p>\n                <\/div>\n            <\/div>\n                                \n                        <div class=\"timeline-container full\">\n                <div class=\"content\" data-aos=\"fade-up\">\n                    <h3>Red\u00e9couverte contemporaine<\/h3>\n                    <p class=\"opener\">Ces derniers temps, la m\u00e9decine naturelle conna\u00eet un regain de popularit\u00e9. Cela s\u2019accompagne d\u2019une red\u00e9couverte de l\u2019origan comme source de bienfaits pour la sant\u00e9.<\/p>\n<p>Il existe de nombreuses vari\u00e9t\u00e9s d\u2019origan, mais les plus d\u00e9sirables poussent \u00e0 l\u2019\u00e9tat sauvage dans le bassin m\u00e9diterran\u00e9en. Plus de 100 compos\u00e9s de l\u2019huile d\u2019origan conjuguent leurs propri\u00e9t\u00e9s pour apporter de nombreux effets b\u00e9n\u00e9fiques \u00e0 l\u2019organisme humain.<\/p>\n<p>Pour en savoir plus, il est recommand\u00e9 de lire l\u2019ouvrage de Tracy Gibbs intitul\u00e9 <em>Votre guide de l\u2019huile d\u2019origan<\/em>.<\/p>\n<p class=\"link\"><a href=\"\/fr\/produits\/livre-sur-l'huile-d'origan\/\">EN SAVOIR PLUS<\/a><\/p>\n                <\/div>\n            <\/div>\n                        <\/div>\n<\/div><\/div>\n","protected":false},"excerpt":{"rendered":"","protected":false},"author":12,"featured_media":16420,"parent":0,"menu_order":0,"comment_status":"closed","ping_status":"closed","template":"","meta":{"_acf_changed":false,"advanced_seo_description":"","jetpack_seo_html_title":"","jetpack_seo_noindex":false,"footnotes":""},"class_list":["post-16448","page","type-page","status-publish","has-post-thumbnail","hentry"],"acf":[],"jetpack_sharing_enabled":true,"_links":{"self":[{"href":"https:\/\/joyofthemountains.com\/fr\/wp-json\/wp\/v2\/pages\/16448","targetHints":{"allow":["GET"]}}],"collection":[{"href":"https:\/\/joyofthemountains.com\/fr\/wp-json\/wp\/v2\/pages"}],"about":[{"href":"https:\/\/joyofthemountains.com\/fr\/wp-json\/wp\/v2\/types\/page"}],"author":[{"embeddable":true,"href":"https:\/\/joyofthemountains.com\/fr\/wp-json\/wp\/v2\/users\/12"}],"replies":[{"embeddable":true,"href":"https:\/\/joyofthemountains.com\/fr\/wp-json\/wp\/v2\/comments?post=16448"}],"version-history":[{"count":5,"href":"https:\/\/joyofthemountains.com\/fr\/wp-json\/wp\/v2\/pages\/16448\/revisions"}],"predecessor-version":[{"id":16735,"href":"https:\/\/joyofthemountains.com\/fr\/wp-json\/wp\/v2\/pages\/16448\/revisions\/16735"}],"wp:featuredmedia":[{"embeddable":true,"href":"https:\/\/joyofthemountains.com\/fr\/wp-json\/wp\/v2\/media\/16420"}],"wp:attachment":[{"href":"https:\/\/joyofthemountains.com\/fr\/wp-json\/wp\/v2\/media?parent=16448"}],"curies":[{"name":"wp","href":"https:\/\/api.w.org\/{rel}","templated":true}]}}