{"id":16454,"date":"2023-01-03T12:02:15","date_gmt":"2023-01-03T20:02:15","guid":{"rendered":"https:\/\/joyofthemountains.com\/notre-histoire\/"},"modified":"2023-05-02T11:37:33","modified_gmt":"2023-05-02T18:37:33","slug":"notre-parcours","status":"publish","type":"page","link":"https:\/\/joyofthemountains.com\/fr\/notre-parcours\/","title":{"rendered":"Notre parcours"},"content":{"rendered":"\n<div class=\"wp-block-group break-out gradient-bg\"><div class=\"wp-block-group__inner-container is-layout-constrained wp-block-group-is-layout-constrained\"><div class=\"wp-bootstrap-blocks-container container mb-5\">\n\t\n<div class=\"wp-bootstrap-blocks-row row\">\n\t\n\n<div class=\"col-12 col-lg-6\">\n\t\t\t\n\n<h3 class=\"unique-title with-oregano wp-block-heading\">L\u2019origan, c\u2019est <strong>notre<br>seul m\u00e9tier ! <\/strong><\/h3>\n\n\n\n<div style=\"height:35px\" aria-hidden=\"true\" class=\"wp-block-spacer\"><\/div>\n\n\t<\/div>\n\n\n\n<div class=\"col-12 col-lg-6 aos-animate data-aos_fade-up\">\n\t\t\t\n\n<p class=\"opener\">Nous avons consacr\u00e9 des ann\u00e9es \u00e0 enrichir nos connaissances sur les origines de l\u2019origan et sur ses esp\u00e8ces aussi multiples que vari\u00e9es, ainsi que sur tout ce qu\u2019il faut pour mettre le meilleur produit \u00e0 votre disposition. Nous pensons avoir cr\u00e9\u00e9 l\u2019huile d\u2019origan de la plus haute qualit\u00e9 pour accompagner votre parcours vers la sant\u00e9.<\/p>\n\n\t<\/div>\n\n<\/div>\n\n<\/div>\n<\/div><\/div>\n\n\n\n<div style=\"height:50px\" aria-hidden=\"true\" class=\"wp-block-spacer hide-mobile\"><\/div>\n\n\n\n<div class=\"wp-block-group break-out has-lightgreenbg-background-color has-background\"><div class=\"wp-block-group__inner-container is-layout-constrained wp-block-group-is-layout-constrained\"><div class=\"wp-bootstrap-blocks-container container mb-2\">\n\t\n\n<div style=\"height:25px\" aria-hidden=\"true\" class=\"wp-block-spacer\"><\/div>\n\n\n<div class=\"wp-bootstrap-blocks-row row justify-center\">\n\t\n\n<div class=\"col-12 col-lg-5 aos-animate data-aos_fade-up\">\n\t\t\t\n\n<figure class=\"wp-block-image size-large\"><img data-recalc-dims=\"1\" loading=\"lazy\" decoding=\"async\" width=\"683\" height=\"1024\" src=\"https:\/\/i0.wp.com\/joyofthemountains.com\/wp-content\/uploads\/\/Oregano-bunch.jpg?resize=683%2C1024&#038;ssl=1\" alt=\"\" class=\"wp-image-15899\" srcset=\"https:\/\/i0.wp.com\/joyofthemountains.com\/wp-content\/uploads\/Oregano-bunch.jpg?resize=683%2C1024&amp;ssl=1 683w, https:\/\/i0.wp.com\/joyofthemountains.com\/wp-content\/uploads\/Oregano-bunch.jpg?resize=400%2C600&amp;ssl=1 400w, https:\/\/i0.wp.com\/joyofthemountains.com\/wp-content\/uploads\/Oregano-bunch.jpg?resize=768%2C1152&amp;ssl=1 768w, https:\/\/i0.wp.com\/joyofthemountains.com\/wp-content\/uploads\/Oregano-bunch.jpg?resize=600%2C900&amp;ssl=1 600w, https:\/\/i0.wp.com\/joyofthemountains.com\/wp-content\/uploads\/Oregano-bunch.jpg?w=800&amp;ssl=1 800w\" sizes=\"auto, (max-width: 683px) 100vw, 683px\" \/><\/figure>\n\n\t<\/div>\n\n\n\n<div class=\"col-12 col-lg-1\">\n\t\t\t\t<\/div>\n\n\n\n<div class=\"col-12 col-lg-6 aos-animate data-aos_fade-left\">\n\t\t\t\n\n<h2 class=\"has-green-color has-text-color wp-block-heading\">Au commencement<\/h2>\n\n\n\n<p>Nous n\u2019avions pas l\u2019intention de devenir un producteur de compl\u00e9ments. Nous n\u2019avions m\u00eame pas vraiment l\u2019intention d\u2019\u00eatre une entreprise. C\u2019est juste que nous adorions l\u2019huile d\u2019origan et que nous en parlions \u00e0 toutes nos connaissances.<\/p>\n\n\n\n<p>Joy of the Mountains a d\u00e9marr\u00e9 en l\u2019an 2000. Et depuis ce temps, l\u2019huile d\u2019origan est notre seule sp\u00e9cialit\u00e9. \u00c0 partir de ses humbles d\u00e9buts, la marque a gagn\u00e9 en notori\u00e9t\u00e9 et nos produits n\u2019ont pas tard\u00e9 \u00e0 se trouver en magasin un peu partout au Canada. Notre seul but est de confectionner le produit le plus efficace possible. La qualit\u00e9, c\u2019est tout ce qui compte pour nous.<\/p>\n\n\n\n<div style=\"height:25px\" aria-hidden=\"true\" class=\"wp-block-spacer\"><\/div>\n\n\n\n<p class=\"link\"><a href=\"https:\/\/joyofthemountains.com\/fr\/qualite\/\">EN SAVOIR PLUS SUR LA QUALIT\u00c9 DE NOS PRODUITS<\/a><\/p>\n\n\t<\/div>\n\n<\/div>\n\n<\/div>\n<\/div><\/div>\n\n\n\n<div class=\"wp-block-group lgpadding\"><div class=\"wp-block-group__inner-container is-layout-constrained wp-block-group-is-layout-constrained\"><div class=\"wp-bootstrap-blocks-row row justify-center\">\n\t\n\n<div class=\"col-12 col-lg-6 aos-animate data-aos_fade-left\">\n\t\t\t\n\n<h2 class=\"has-green-color has-text-color wp-block-heading\">Notre parcours bio<\/h2>\n\n\n\n<p>Nous disposions d\u2019une petite superficie agraire certifi\u00e9e bio. Nous y avons sem\u00e9 plus de 10 000 graines d\u2019origan d\u2019origine m\u00e9diterran\u00e9enne et elles nous ont apport\u00e9 plusieurs ann\u00e9es de r\u00e9coltes que nous avons distill\u00e9es \u00e0 la vapeur pour produire notre propre huile d\u2019origan \u00e0 usage personnel. C\u2019\u00e9tait une joie de contempler ses reflets chatoyants et de sentir son ar\u00f4me et son go\u00fbt.<\/p>\n\n\n\n<p>C\u2019est ainsi qu\u2019a germ\u00e9 l\u2019id\u00e9e de trouver notre propre source d\u2019huile d\u2019origan sauvage m\u00e9diterran\u00e9en et de distribuer le premier produit de confection canadienne dans les magasins d\u2019aliments sant\u00e9.<\/p>\n\n\n\n<div style=\"height:25px\" aria-hidden=\"true\" class=\"wp-block-spacer\"><\/div>\n\n\t<\/div>\n\n\n\n<div class=\"col-12 col-lg-1\">\n\t\t\t\t<\/div>\n\n\n\n<div class=\"col-12 col-lg-5 aos-animate data-aos_fade-up\">\n\t\t\t\n\n<blockquote class=\"wp-block-quote is-layout-flow wp-block-quote-is-layout-flow\">\n<p>L\u2019id\u00e9e de faire ce que nous aimions tout en venant en aide \u00e0 des milliers de gens nous s\u00e9duisait.<\/p>\n<\/blockquote>\n\n\t<\/div>\n\n<\/div>\n<\/div><\/div>\n\n\n\n<div class=\"wp-block-group mdpadding break-out has-pinkbg-background-color has-background\"><div class=\"wp-block-group__inner-container is-layout-constrained wp-block-group-is-layout-constrained\">\n<div style=\"height:25px\" aria-hidden=\"true\" class=\"wp-block-spacer\"><\/div>\n\n\n<div class=\"wp-bootstrap-blocks-container container mb-2\">\n\t\n<div class=\"wp-bootstrap-blocks-row row justify-center\">\n\t\n\n<div class=\"col-12 col-lg-5 aos-animate data-aos_fade-up\">\n\t\t\t\n\n<figure class=\"wp-block-image size-large\"><img data-recalc-dims=\"1\" loading=\"lazy\" decoding=\"async\" width=\"1024\" height=\"683\" src=\"https:\/\/i0.wp.com\/joyofthemountains.com\/wp-content\/uploads\/\/okanagan.jpg?resize=1024%2C683&#038;ssl=1\" alt=\"\" class=\"wp-image-15974\" srcset=\"https:\/\/i0.wp.com\/joyofthemountains.com\/wp-content\/uploads\/okanagan.jpg?resize=1024%2C683&amp;ssl=1 1024w, https:\/\/i0.wp.com\/joyofthemountains.com\/wp-content\/uploads\/okanagan.jpg?resize=600%2C400&amp;ssl=1 600w, https:\/\/i0.wp.com\/joyofthemountains.com\/wp-content\/uploads\/okanagan.jpg?resize=768%2C512&amp;ssl=1 768w, https:\/\/i0.wp.com\/joyofthemountains.com\/wp-content\/uploads\/okanagan.jpg?w=1200&amp;ssl=1 1200w\" sizes=\"auto, (max-width: 1024px) 100vw, 1024px\" \/><\/figure>\n\n\t<\/div>\n\n\n\n<div class=\"col-12 col-lg-1\">\n\t\t\t\t<\/div>\n\n\n\n<div class=\"col-12 col-lg-6 aos-animate data-aos_fade-left\">\n\t\t\t\n\n<h2 class=\"has-green-color has-text-color wp-block-heading\">Gratitude et cercle vertueux<\/h2>\n\n\n\n<p>Joy of the Mountains reste une entreprise familiale canadienne \u00e9tablie dans la magnifique vall\u00e9e de l\u2019Okanagan, en Colombie-Britannique. Nous tenons \u00e0 remercier les nombreux d\u00e9taillants qui mettent nos produits en rayon, ainsi que tous nos fid\u00e8les clients. Gr\u00e2ce \u00e0 vous, notre essor se poursuit au profit d\u2019un nombre de plus en plus grand de Canadiens.<\/p>\n\n\t<\/div>\n\n<\/div>\n\n<\/div>\n<\/div><\/div>\n\n\n\n\n<div class=\"break-out columned-content \">\n    <div class=\"row\">\n        <div class=\"col-12 col-lg-6 img-col img-right\">\n            <img decoding=\"async\" src=\"https:\/\/i0.wp.com\/joyofthemountains.com\/wp-content\/uploads\/Oregano-Growing.jpg?fit=1200%2C800&#038;ssl=1\" alt=\"\" class=\"foreground-image\">\n        <\/div>\n        <div class=\"col-12 col-lg-6 has-lightgreenbg-background-color content-col content-left\">\n            <div class=\"content-col-inner\">\n                \n\n<h2 class=\"wp-block-heading\">Une place \u00e0 part dans l\u2019histoire<\/h2>\n\n\n\n<p>D\u00e8s la plus haute antiquit\u00e9, l\u2019origan sauvage servait de rem\u00e8de d\u2019un bout \u00e0 l\u2019autre du bassin m\u00e9diterran\u00e9en et du Moyen-Orient, et on dit m\u00eame qu\u2019il pourrait bien s\u2019agir de \u00ab l\u2019hysope \u00bb cit\u00e9e dans la Bible.<\/p>\n\n\n\n<div style=\"height:25px\" aria-hidden=\"true\" class=\"wp-block-spacer\"><\/div>\n\n\n\n<p class=\"link\"><a href=\"https:\/\/joyofthemountains.com\/fr\/histoire\/\">EN SAVOIR PLUS<\/a><\/p>\n\n\n            <\/div>\n        <\/div>\n    <\/div>\n<\/div>\n\n\n\n<div style=\"height:35px\" aria-hidden=\"true\" class=\"wp-block-spacer\"><\/div>\n\n\n\n\n<div class=\"products-accordion mdpadding mdmargin \">\n                            <div class=\"row\">\n            <div class=\"products-accordion-title col-12\" data-aos=\"fade-left\">\n                                    <h3>D\u00e9couvrez nos produits<\/h3>\n                            <\/div>\n        <\/div>\n        <div class=\"row\">\n            <div class=\"product-accordion col-12 col-md-6\" data-aos=\"fade-up\">\n                                                        <div class=\"product-accordion-item active\" type=\"liquide\">\n                        \n                        <div class=\"product-accordion-item-inner\">\n                                                            <a href=\"\/fr\/produits\/huile-d%27origan-liquide\/\" class=\"pa-wrap-link\">\n                            \n                            <h2>Liquide<\/h2>\n                                                            <p>\u00c0 boire dilu\u00e9 dans un verre d\u2019eau ou \u00e0 appliquer sur la peau<\/p>\n                                                                                                                            <p class=\"link\"><a href=\"\/fr\/produits\/huile-d%27origan-liquide\/\">D\u00c9COUVRIR<\/a><\/p>\n                                                                \n                            \n                                                            <\/a>\n                                                        \n                        <\/div>\n                        <img decoding=\"async\" class=\"product-accordion-item-image\" src=\"https:\/\/i0.wp.com\/joyofthemountains.com\/wp-content\/uploads\/jotm-liquids-badge.png?fit=600%2C800&#038;ssl=1\" alt=\"\">\n                    <\/div>\n                                                                            <div class=\"product-accordion-item \" type=\"capsules\">\n                        \n                        <div class=\"product-accordion-item-inner\">\n                                                            <a href=\"\/fr\/produits\/huile-d%27origan-capsules\/\" class=\"pa-wrap-link\">\n                            \n                            <h2>Capsules<\/h2>\n                                                            <p>V\u00e9g\u00e9tales et faciles \u00e0 dig\u00e9rer<\/p>\n                                                                                                                            <p class=\"link\"><a href=\"\/fr\/produits\/huile-d%27origan-capsules\/\">D\u00c9COUVRIR<\/a><\/p>\n                                                                \n                            \n                                                            <\/a>\n                                                        \n                        <\/div>\n                        <img decoding=\"async\" class=\"product-accordion-item-image\" src=\"https:\/\/i0.wp.com\/joyofthemountains.com\/wp-content\/uploads\/jotm-capsules-badge.png?fit=600%2C800&#038;ssl=1\" alt=\"\">\n                    <\/div>\n                                                                            <div class=\"product-accordion-item \" type=\"livre\">\n                        \n                        <div class=\"product-accordion-item-inner\">\n                                                            <a href=\"\/fr\/produits\/livre-sur-l%27huile-d%27origan\/\" class=\"pa-wrap-link\">\n                            \n                            <h2>Livre<\/h2>\n                                                            <p>Pour s\u2019informer des bienfaits aupr\u00e8s d\u2019une experte<\/p>\n                                                                                                                            <p class=\"link\"><a href=\"\/fr\/produits\/livre-sur-l%27huile-d%27origan\/\">D\u00c9COUVRIR<\/a><\/p>\n                                                                \n                            \n                                                            <\/a>\n                                                        \n                        <\/div>\n                        <img decoding=\"async\" class=\"product-accordion-item-image\" src=\"https:\/\/i0.wp.com\/joyofthemountains.com\/wp-content\/uploads\/Oil-of-Oregano-Book-FR.png?fit=1800%2C1800&#038;ssl=1\" alt=\"\">\n                    <\/div>\n                                                <\/div>\n            <div class=\"col-12 col-md-1\"><\/div>\n            <div class=\"product-accordion-images col-12 col-md-5\" data-aos=\"fade\" data-aos-delay=\"500\">\n                                                        <div class=\"product-accordion-image active\" type=\"liquide\">\n                                                    <a href=\"\/fr\/produits\/huile-d%27origan-liquide\/\">\n                        \n                        <img decoding=\"async\" src=\"https:\/\/i0.wp.com\/joyofthemountains.com\/wp-content\/uploads\/jotm-liquids-badge.png?fit=600%2C800&#038;ssl=1\" alt=\"\">\n\n                                                    <\/a>\n                                            <\/div>\n                                                                            <div class=\"product-accordion-image \" type=\"capsules\">\n                                                    <a href=\"\/fr\/produits\/huile-d%27origan-capsules\/\">\n                        \n                        <img decoding=\"async\" src=\"https:\/\/i0.wp.com\/joyofthemountains.com\/wp-content\/uploads\/jotm-capsules-badge.png?fit=600%2C800&#038;ssl=1\" alt=\"\">\n\n                                                    <\/a>\n                                            <\/div>\n                                                                            <div class=\"product-accordion-image \" type=\"livre\">\n                                                    <a href=\"\/fr\/produits\/livre-sur-l%27huile-d%27origan\/\">\n                        \n                        <img decoding=\"async\" src=\"https:\/\/i0.wp.com\/joyofthemountains.com\/wp-content\/uploads\/Oil-of-Oregano-Book-FR.png?fit=1800%2C1800&#038;ssl=1\" alt=\"\">\n\n                                                    <\/a>\n                                            <\/div>\n                                                <\/div>\n        <\/div>\n    <\/div>\n\n\n\n    \n    \n","protected":false},"excerpt":{"rendered":"<p>Nous avons consacr\u00e9 des ann\u00e9es \u00e0 enrichir nos connaissances sur les origines de l\u2019origan et sur ses esp\u00e8ces aussi multiples que vari\u00e9es, ainsi que sur tout ce qu\u2019il faut pour mettre le meilleur produit \u00e0 votre disposition. Nous pensons avoir cr\u00e9\u00e9 l\u2019huile d\u2019origan de la plus haute qualit\u00e9 pour accompagner votre parcours vers la sant\u00e9.&hellip;<\/p>\n","protected":false},"author":12,"featured_media":16401,"parent":0,"menu_order":0,"comment_status":"closed","ping_status":"closed","template":"","meta":{"_acf_changed":false,"advanced_seo_description":"","jetpack_seo_html_title":"","jetpack_seo_noindex":false,"footnotes":""},"class_list":["post-16454","page","type-page","status-publish","has-post-thumbnail","hentry"],"acf":[],"jetpack_sharing_enabled":true,"_links":{"self":[{"href":"https:\/\/joyofthemountains.com\/fr\/wp-json\/wp\/v2\/pages\/16454","targetHints":{"allow":["GET"]}}],"collection":[{"href":"https:\/\/joyofthemountains.com\/fr\/wp-json\/wp\/v2\/pages"}],"about":[{"href":"https:\/\/joyofthemountains.com\/fr\/wp-json\/wp\/v2\/types\/page"}],"author":[{"embeddable":true,"href":"https:\/\/joyofthemountains.com\/fr\/wp-json\/wp\/v2\/users\/12"}],"replies":[{"embeddable":true,"href":"https:\/\/joyofthemountains.com\/fr\/wp-json\/wp\/v2\/comments?post=16454"}],"version-history":[{"count":10,"href":"https:\/\/joyofthemountains.com\/fr\/wp-json\/wp\/v2\/pages\/16454\/revisions"}],"predecessor-version":[{"id":16733,"href":"https:\/\/joyofthemountains.com\/fr\/wp-json\/wp\/v2\/pages\/16454\/revisions\/16733"}],"wp:featuredmedia":[{"embeddable":true,"href":"https:\/\/joyofthemountains.com\/fr\/wp-json\/wp\/v2\/media\/16401"}],"wp:attachment":[{"href":"https:\/\/joyofthemountains.com\/fr\/wp-json\/wp\/v2\/media?parent=16454"}],"curies":[{"name":"wp","href":"https:\/\/api.w.org\/{rel}","templated":true}]}}