{"id":16458,"date":"2023-01-02T16:41:11","date_gmt":"2023-01-03T00:41:11","guid":{"rendered":"https:\/\/joyofthemountains.com\/qualite\/"},"modified":"2023-05-02T11:54:42","modified_gmt":"2023-05-02T18:54:42","slug":"qualite","status":"publish","type":"page","link":"https:\/\/joyofthemountains.com\/fr\/qualite\/","title":{"rendered":"Qualit\u00e9"},"content":{"rendered":"\n<figure class=\"wp-block-table comparison-table aos-animate data-aos_fade-up\"><table><thead><tr><th>Joy of the Mountains<\/th><th>Beaucoup d\u2019autres marques<\/th><\/tr><\/thead><tbody><tr><td>Sauvage<\/td><td>Cultiv\u00e9<\/td><\/tr><tr><td><em>Origanum minutiflorum<\/em><\/td><td><em>Origanum vulgare<\/em><\/td><\/tr><tr><td>Assurance et contr\u00f4le qualit\u00e9 m\u00e9ticuleux<\/td><td>Assurance qualit\u00e9 minimale<\/td><\/tr><tr><td>Sources fiables \u00e9valu\u00e9es et agr\u00e9\u00e9es avec soin<\/td><td>Manque de transparence sur les fournisseurs<\/td><\/tr><tr><td>Pr\u00e9serve la composition phytochimique d\u2019origine de la plante<\/td><td>Alt\u00e9ration possible<\/td><\/tr><tr><td>Forte teneur en carvacrol naturel<\/td><td>Ajout possible de carvacrol de synth\u00e8se<\/td><\/tr><\/tbody><\/table><\/figure>\n\n\n\n<div class=\"wp-block-group gradient-bg break-out mdmargin has-marks-up\"><div class=\"wp-block-group__inner-container is-layout-constrained wp-block-group-is-layout-constrained\"><div class=\"wp-bootstrap-blocks-container container mb-0 lgpadding\">\n\t\n<div class=\"wp-bootstrap-blocks-row row\">\n\t\n\n<div class=\"col-12 col-lg-6\">\n\t\t\t\n\n<div class=\"wp-block-group sticky\"><div class=\"wp-block-group__inner-container is-layout-constrained wp-block-group-is-layout-constrained\">\n<h3 class=\"unique-title with-oregano wp-block-heading\">C\u2019est notre<br><strong>sp\u00e9cialit\u00e9<\/strong><\/h3>\n\n\n\n<div style=\"height:35px\" aria-hidden=\"true\" class=\"wp-block-spacer\"><\/div>\n<\/div><\/div>\n\n\t<\/div>\n\n\n\n<div class=\"col-12 col-lg-6\">\n\t\t\t\n\n<div style=\"height:50px\" aria-hidden=\"true\" class=\"wp-block-spacer hide-mobile\"><\/div>\n\n\n\n<p class=\"h4 aos-animate data-aos_fade-up\" class=\"opener\">Joy of the Mountains <mark style=\"background-color:rgba(0, 0, 0, 0)\" class=\"has-inline-color has-lightgreen-color\">se distingue<\/mark> des autres entreprises.<\/p>\n\n\n\n<div style=\"height:25px\" aria-hidden=\"true\" class=\"wp-block-spacer\"><\/div>\n\n\n\n<p class=\"h4 aos-animate data-aos_fade-up\">Celles-ci vendent de l\u2019huile d\u2019origan parmi une grande vari\u00e9t\u00e9 de produits , tandis que Joy of the Mountains se sp\u00e9cialise <mark style=\"background-color:rgba(0, 0, 0, 0)\" class=\"has-inline-color has-lightgreen-color\">uniquement dans l\u2019huile d\u2019origan<\/mark>.<\/p>\n\n\n\n<div style=\"height:25px\" aria-hidden=\"true\" class=\"wp-block-spacer\"><\/div>\n\n\n\n<p class=\"h4 aos-animate data-aos_fade-up\">Cette sp\u00e9cialisation nous conf\u00e8re un r\u00e9el <mark style=\"background-color:rgba(0, 0, 0, 0)\" class=\"has-inline-color has-lightgreen-color\">avantage<\/mark> : celui de pouvoir consacrer tout notre temps, toute notre attention et toutes nos ressources \u00e0 une seule chose.<\/p>\n\n\n\n<div style=\"height:25px\" aria-hidden=\"true\" class=\"wp-block-spacer\"><\/div>\n\n\n\n<p class=\"h4 aos-animate data-aos_fade-up\">Notre seul but est de confectionner l\u2019huile d\u2019origan offrant <mark style=\"background-color:rgba(0, 0, 0, 0)\" class=\"has-inline-color has-lightgreen-color\">la plus haute qualit\u00e9<\/mark> et <mark style=\"background-color:rgba(0, 0, 0, 0)\" class=\"has-inline-color has-lightgreen-color\">la plus grande efficacit\u00e9<\/mark> possible.<\/p>\n\n\t<\/div>\n\n<\/div>\n\n<\/div>\n<\/div><\/div>\n\n\n\n<div class=\"wp-block-group mdpadding smmargin\"><div class=\"wp-block-group__inner-container is-layout-constrained wp-block-group-is-layout-constrained\">\n<blockquote class=\"wp-block-quote max750 aos-animate data-aos_fade-up is-layout-flow wp-block-quote-is-layout-flow\">\n<h2 class=\"wp-block-heading\"><strong>Nous n\u2019\u00e9pargnons aucune d\u00e9pense pour produire ce qui se fait de mieux.<\/strong><\/h2>\n<\/blockquote>\n<\/div><\/div>\n\n\n\n<div class=\"wp-block-group break-out smpadding has-pinkbg-background-color has-background\"><div class=\"wp-block-group__inner-container is-layout-constrained wp-block-group-is-layout-constrained\">\n<div style=\"height:25px\" aria-hidden=\"true\" class=\"wp-block-spacer\"><\/div>\n\n\n<div class=\"wp-bootstrap-blocks-container container mb-0\">\n\t\n<div class=\"wp-bootstrap-blocks-row row justify-center\">\n\t\n\n<div class=\"col-12 col-lg-5 aos-animate data-aos_fade-up\">\n\t\t\t\n\n<figure class=\"wp-block-image size-large\"><img data-recalc-dims=\"1\" loading=\"lazy\" decoding=\"async\" width=\"1024\" height=\"683\" src=\"https:\/\/i0.wp.com\/joyofthemountains.com\/wp-content\/uploads\/\/dropper-in-sun.jpg?resize=1024%2C683&#038;ssl=1\" alt=\"\" class=\"wp-image-15891\" srcset=\"https:\/\/i0.wp.com\/joyofthemountains.com\/wp-content\/uploads\/dropper-in-sun.jpg?resize=1024%2C683&amp;ssl=1 1024w, https:\/\/i0.wp.com\/joyofthemountains.com\/wp-content\/uploads\/dropper-in-sun.jpg?resize=600%2C400&amp;ssl=1 600w, https:\/\/i0.wp.com\/joyofthemountains.com\/wp-content\/uploads\/dropper-in-sun.jpg?resize=768%2C512&amp;ssl=1 768w, https:\/\/i0.wp.com\/joyofthemountains.com\/wp-content\/uploads\/dropper-in-sun.jpg?w=1200&amp;ssl=1 1200w\" sizes=\"auto, (max-width: 1024px) 100vw, 1024px\" \/><\/figure>\n\n\t<\/div>\n\n\n\n<div class=\"col-12 col-lg-1\">\n\t\t\t\t<\/div>\n\n\n\n<div class=\"col-12 col-lg-6 aos-animate data-aos_fade-left\">\n\t\t\t\n\n\n\n    \n        <div class=\"accordion\">\n\n            \n                <div class=\"accordion-item\">\n                    <h3>\n                        L\u2019avantage de l\u2019origan sauvage                    <\/h3>\n\n                    <div class=\"content\">\n                        <p class=\"opener\">Par mesure d\u2019\u00e9conomie, certaines marques d\u2019huile d\u2019origan utilisent des plantes cultiv\u00e9es. \u00c0 l\u2019inverse, Joy of the Mountains utilise de l\u2019origan sauvage cueilli de mani\u00e8re \u00e9thique et durable dans les hauteurs du bassin m\u00e9diterran\u00e9en. Face aux rigueurs du milieu naturel auxquelles il doit r\u00e9sister, l\u2019origan sauvage renforce sa teneur en compos\u00e9s m\u00e9dicinaux.<\/p>\n                    <\/div>\n                <\/div>\n\n            \n                <div class=\"accordion-item\">\n                    <h3>\n                        Une esp\u00e8ce rare d\u2019origan                    <\/h3>\n\n                    <div class=\"content\">\n                        <p class=\"opener\">La plupart des marques d\u2019huile d\u2019origan utilisent une esp\u00e8ce bien connue appel\u00e9e <em>Origanum vulgare<\/em>, qui est g\u00e9n\u00e9ralement cultiv\u00e9e et moins co\u00fbteuse. Joy of the Mountains utilise une esp\u00e8ce rare appel\u00e9e <em>Origanum minutiflorum<\/em>, qui pr\u00e9sente les plus fortes teneurs en carvacrol de toutes les esp\u00e8ces d\u2019origan (jusqu\u2019\u00e0 90 %). <em>Origanum minutiflorum<\/em> jouit d\u2019un grand prestige en phytoth\u00e9rapie traditionnelle et fait l\u2019objet d\u2019un nombre croissant d\u2019\u00e9tudes scientifiques. Cette esp\u00e8ce plus difficile et plus ch\u00e8re \u00e0 obtenir ne pousse qu\u2019\u00e0 l\u2019\u00e9tat sauvage.<\/p>\n                    <\/div>\n                <\/div>\n\n            \n                <div class=\"accordion-item\">\n                    <h3>\n                        Une composition phytochimique intacte                    <\/h3>\n\n                    <div class=\"content\">\n                        <p class=\"opener\">La comparaison entre les marques d\u2019huile d\u2019origan est souvent centr\u00e9e sur le carvacrol, car il s\u2019agit d\u2019un composant essentiel. Pourtant, la qualit\u00e9 et l\u2019efficacit\u00e9 du produit ne se r\u00e9sument pas \u00e0 sa teneur en carvacrol. En effet, il est plus primordial de pr\u00e9server l\u2019\u00e9quilibre phytochimique naturel de la plante dans son int\u00e9grit\u00e9. Avec ses partenaires, Joy of the Mountains s\u2019applique \u00e0 produire une huile pure, naturelle, tout \u00e0 fait inalt\u00e9r\u00e9e et conservant la composition phytochimique des plantes dans son \u00e9tat d\u2019avant la cueillette.<\/p>\n                    <\/div>\n                <\/div>\n\n            \n        <\/div>\n\n    \n\n\n    \n    \n\n\t<\/div>\n\n<\/div>\n\n<\/div>\n<\/div><\/div>\n\n\n\n<div class=\"wp-block-group mdpadding\"><div class=\"wp-block-group__inner-container is-layout-constrained wp-block-group-is-layout-constrained\"><div class=\"wp-bootstrap-blocks-row row justify-center\">\n\t\n\n<div class=\"col-12 col-lg-6 aos-animate data-aos_fade-left mobile-order-2\">\n\t\t\t\n\n<h2 class=\"has-green-color has-text-color wp-block-heading\">L\u2019avantage d\u2019un origan sauvage et biologique<\/h2>\n\n\n\n<p>L\u2019huile d\u2019origan Joy of the Mountains est \u00e0 la fois sauvage et biologique. Malgr\u00e9 le co\u00fbt suppl\u00e9mentaire, nous faisons inspecter notre origan sauvage par Ecocert afin de confirmer qu\u2019il pousse bien dans une nature intacte et qu\u2019il ne contient ni contaminants ni produits chimiques agricoles. La certification biologique passe aussi par un examen minutieux de chaque \u00e9tape du processus, du terrain jusqu\u2019\u00e0 l\u2019unit\u00e9 de production, et cela procure \u00e0 nos clients une meilleure assurance qualit\u00e9 que la simple cueillette \u00e0 l\u2019\u00e9tat sauvage.<\/p>\n\n\t<\/div>\n\n\n\n<div class=\"col-12 col-lg-1  mobile-order-3\">\n\t\t\t\t<\/div>\n\n\n\n<div class=\"col-12 col-lg-5 aos-animate data-aos_fade-up mobile-order-1\">\n\t\t\t\n\n<figure class=\"wp-block-image size-large\"><img data-recalc-dims=\"1\" loading=\"lazy\" decoding=\"async\" width=\"1024\" height=\"683\" src=\"https:\/\/i0.wp.com\/joyofthemountains.com\/wp-content\/uploads\/\/Oregano-hand-cut.jpg?resize=1024%2C683&#038;ssl=1\" alt=\"\" class=\"wp-image-15901\" srcset=\"https:\/\/i0.wp.com\/joyofthemountains.com\/wp-content\/uploads\/Oregano-hand-cut.jpg?resize=1024%2C683&amp;ssl=1 1024w, https:\/\/i0.wp.com\/joyofthemountains.com\/wp-content\/uploads\/Oregano-hand-cut.jpg?resize=600%2C400&amp;ssl=1 600w, https:\/\/i0.wp.com\/joyofthemountains.com\/wp-content\/uploads\/Oregano-hand-cut.jpg?resize=768%2C512&amp;ssl=1 768w, https:\/\/i0.wp.com\/joyofthemountains.com\/wp-content\/uploads\/Oregano-hand-cut.jpg?w=1200&amp;ssl=1 1200w\" sizes=\"auto, (max-width: 1024px) 100vw, 1024px\" \/><\/figure>\n\n\t<\/div>\n\n<\/div>\n<\/div><\/div>\n\n\n\n<div class=\"wp-block-group\"><div class=\"wp-block-group__inner-container is-layout-constrained wp-block-group-is-layout-constrained\"><div class=\"wp-bootstrap-blocks-row row justify-center\">\n\t\n\n<div class=\"col-12 col-lg-5 aos-animate data-aos_fade-up\">\n\t\t\t\n\n<figure class=\"wp-block-image size-large\"><img data-recalc-dims=\"1\" loading=\"lazy\" decoding=\"async\" width=\"683\" height=\"1024\" src=\"https:\/\/i0.wp.com\/joyofthemountains.com\/wp-content\/uploads\/\/Laboratory-GCMS-tall.png?resize=683%2C1024&#038;ssl=1\" alt=\"\" class=\"wp-image-16194\" srcset=\"https:\/\/i0.wp.com\/joyofthemountains.com\/wp-content\/uploads\/Laboratory-GCMS-tall.png?resize=683%2C1024&amp;ssl=1 683w, https:\/\/i0.wp.com\/joyofthemountains.com\/wp-content\/uploads\/Laboratory-GCMS-tall.png?resize=400%2C600&amp;ssl=1 400w, https:\/\/i0.wp.com\/joyofthemountains.com\/wp-content\/uploads\/Laboratory-GCMS-tall.png?resize=768%2C1152&amp;ssl=1 768w, https:\/\/i0.wp.com\/joyofthemountains.com\/wp-content\/uploads\/Laboratory-GCMS-tall.png?resize=600%2C900&amp;ssl=1 600w, https:\/\/i0.wp.com\/joyofthemountains.com\/wp-content\/uploads\/Laboratory-GCMS-tall.png?w=800&amp;ssl=1 800w\" sizes=\"auto, (max-width: 683px) 100vw, 683px\" \/><\/figure>\n\n\t<\/div>\n\n\n\n<div class=\"col-12 col-lg-1\">\n\t\t\t\t<\/div>\n\n\n\n<div class=\"col-12 col-lg-6 aos-animate data-aos_fade-left\">\n\t\t\t\n\n<h2 class=\"has-green-color has-text-color wp-block-heading\">D\u00e9passer les attentes<\/h2>\n\n\n\n<p>En mati\u00e8re d\u2019assurance qualit\u00e9, la plupart des entreprises s\u2019en tiennent au strict minimum requis pour satisfaire aux r\u00e8gles de Sant\u00e9 Canada. Joy of the Mountains va bien au-del\u00e0 de ces attentes en appliquant des proc\u00e9dures m\u00e9ticuleuses d\u2019assurance qualit\u00e9 et d\u2019analyse en laboratoire pour veiller \u00e0 produire la meilleure des huiles.<\/p>\n\n\n\n<p class=\"has-green-color has-text-color\"><strong>\u00ab Chacun de nos flacons contient une huile fra\u00eeche, pure, sans contaminants, riche en ingr\u00e9dients actifs et agissant efficacement. \u00bb<\/strong><\/p>\n\n\n\n<p>Nos produits sont certifi\u00e9s biologiques au Canada par la Pacific Agricultural Certification Society (PACS), et homologu\u00e9s par Sant\u00e9 Canada en tant que produits de sant\u00e9 naturels (PSN).<\/p>\n\n\n\n<div style=\"height:25px\" aria-hidden=\"true\" class=\"wp-block-spacer\"><\/div>\n\n\n\n<h3 class=\"wp-block-heading\">Le saviez-vous ?<\/h3>\n\n\n\n<p>Une \u00e9tude de laboratoire ind\u00e9pendant a montr\u00e9 que l\u2019huile d\u2019origan Joy of the Mountains \u00e9tait jusqu\u2019\u00e0 quatre fois plus efficace contre le virus H1N1 que les huiles d\u2019origan d\u2019autres marques courantes.<\/p>\n\n\t<\/div>\n\n<\/div>\n<\/div><\/div>\n\n\n\n<div class=\"wp-block-group mdpadding\"><div class=\"wp-block-group__inner-container is-layout-constrained wp-block-group-is-layout-constrained\"><div class=\"wp-bootstrap-blocks-row row justify-center\">\n\t\n\n<div class=\"col-12 col-lg-6 aos-animate data-aos_fade-left\">\n\t\t\t\n\n<h2 class=\"has-green-color has-text-color wp-block-heading\">Une passion r\u00e9compens\u00e9e<\/h2>\n\n\n\n<p>Depuis 2006, Joy of the Mountains a remport\u00e9 20&nbsp;m\u00e9dailles d\u2019or du meilleur produit de d\u00e9fense immunitaire et du meilleur produit \u00e0 base de plantes m\u00e9dicinales au prix Alive, qui sert \u00e0 honorer l\u2019excellence dans le secteur canadien des produits de sant\u00e9 naturels (PSN).<\/p>\n\n\t<\/div>\n\n\n\n<div class=\"col-12 col-lg-1\">\n\t\t\t\t<\/div>\n\n\n\n<div class=\"col-12 col-lg-5 aos-animate data-aos_fade-up\">\n\t\t\t\n\n\n<div class=\"logos-block  logo-grid column-count-3 \">\n    <div class=\"logo-slider-row\">\n                <div class=\"logos animation\">\n\n                                    <div class=\"logo\">\n                                    <img decoding=\"async\" src=\"https:\/\/joyofthemountains.com\/wp-content\/uploads\/Alive-awards-gold.svg\" alt=\"\">\n                                <\/div>\n                                    <div class=\"logo\">\n                                    <img decoding=\"async\" src=\"https:\/\/joyofthemountains.com\/wp-content\/uploads\/chfa-logo-black-2022.svg\" alt=\"\">\n                                <\/div>\n                                    <div class=\"logo\">\n                                    <img decoding=\"async\" src=\"https:\/\/joyofthemountains.com\/wp-content\/uploads\/PACS-Logo-Colour.svg\" alt=\"\">\n                                <\/div>\n                                    <div class=\"logo\">\n                                    <img decoding=\"async\" src=\"https:\/\/i0.wp.com\/joyofthemountains.com\/wp-content\/uploads\/Logo_Ecocert_Colour.png?fit=2689%2C1861&#038;ssl=1\" alt=\"\">\n                                <\/div>\n                                    <div class=\"logo\">\n                                    <img decoding=\"async\" src=\"https:\/\/joyofthemountains.com\/wp-content\/uploads\/ISO-17025-Lab-Tested-Version-1.svg\" alt=\"\">\n                                <\/div>\n                    <\/div>\n            <\/div>\n<\/div>\n\n\n\n\n\n\n\n\n\t<\/div>\n\n<\/div>\n<\/div><\/div>\n","protected":false},"excerpt":{"rendered":"<p>Joy of the MountainsBeaucoup d\u2019autres marquesSauvageCultiv\u00e9Origanum minutiflorumOriganum vulgareAssurance et contr\u00f4le qualit\u00e9 m\u00e9ticuleuxAssurance qualit\u00e9 minimaleSources fiables \u00e9valu\u00e9es et agr\u00e9\u00e9es avec soinManque de transparence sur les fournisseursPr\u00e9serve la composition phytochimique d\u2019origine de la planteAlt\u00e9ration possibleForte teneur en carvacrol naturelAjout possible de carvacrol de synth\u00e8se Joy of the Mountains se distingue des autres entreprises. Celles-ci vendent de l\u2019huile&hellip;<\/p>\n","protected":false},"author":12,"featured_media":16421,"parent":0,"menu_order":0,"comment_status":"closed","ping_status":"closed","template":"","meta":{"_acf_changed":false,"advanced_seo_description":"","jetpack_seo_html_title":"","jetpack_seo_noindex":false,"footnotes":""},"class_list":["post-16458","page","type-page","status-publish","has-post-thumbnail","hentry"],"acf":[],"jetpack_sharing_enabled":true,"_links":{"self":[{"href":"https:\/\/joyofthemountains.com\/fr\/wp-json\/wp\/v2\/pages\/16458","targetHints":{"allow":["GET"]}}],"collection":[{"href":"https:\/\/joyofthemountains.com\/fr\/wp-json\/wp\/v2\/pages"}],"about":[{"href":"https:\/\/joyofthemountains.com\/fr\/wp-json\/wp\/v2\/types\/page"}],"author":[{"embeddable":true,"href":"https:\/\/joyofthemountains.com\/fr\/wp-json\/wp\/v2\/users\/12"}],"replies":[{"embeddable":true,"href":"https:\/\/joyofthemountains.com\/fr\/wp-json\/wp\/v2\/comments?post=16458"}],"version-history":[{"count":5,"href":"https:\/\/joyofthemountains.com\/fr\/wp-json\/wp\/v2\/pages\/16458\/revisions"}],"predecessor-version":[{"id":16750,"href":"https:\/\/joyofthemountains.com\/fr\/wp-json\/wp\/v2\/pages\/16458\/revisions\/16750"}],"wp:featuredmedia":[{"embeddable":true,"href":"https:\/\/joyofthemountains.com\/fr\/wp-json\/wp\/v2\/media\/16421"}],"wp:attachment":[{"href":"https:\/\/joyofthemountains.com\/fr\/wp-json\/wp\/v2\/media?parent=16458"}],"curies":[{"name":"wp","href":"https:\/\/api.w.org\/{rel}","templated":true}]}}