{"id":16468,"date":"2023-01-02T14:54:48","date_gmt":"2023-01-02T22:54:48","guid":{"rendered":"https:\/\/joyofthemountains.com\/product\/livre-sur-lhuile-dorigan\/"},"modified":"2023-10-03T16:40:03","modified_gmt":"2023-10-03T23:40:03","slug":"livre-sur-lhuile-dorigan","status":"publish","type":"product","link":"https:\/\/joyofthemountains.com\/fr\/produits\/livre-sur-lhuile-dorigan\/","title":{"rendered":"Livre sur l\u2019huile d\u2019origan"},"content":{"rendered":"","protected":false},"excerpt":{"rendered":"<p>par Tracy K. Gibbs, Ph. D.<\/p>\n<h5><strong>\u00c0 propos de ce livre<\/strong><\/h5>\n<p>Joy of the Mountains a le plaisir de proposer le guide de r\u00e9f\u00e9rence sur l\u2019huile d\u2019origan, \u00e9crit par Tracy Gibbs, Ph. D. Disposer d\u2019une huile d\u2019origan de qualit\u00e9 sup\u00e9rieure est un pr\u00e9alable essentiel pour obtenir les r\u00e9sultats souhait\u00e9s, mais savoir \u00e0 quelle dose et de quelle fa\u00e7on l\u2019utiliser change vraiment la donne. Ce guide aide le lecteur \u00e0 tirer parti des remarquables bienfaits auxquels l\u2019huile d\u2019origan doit son renom.<\/p>\n<h5><strong>Th\u00e8mes cl\u00e9s<\/strong><\/h5>\n<ul>\n<li>Science et chimie de l\u2019huile d\u2019origan<\/li>\n<li>Propri\u00e9t\u00e9s m\u00e9dicinales et polyvalence de cette huile<\/li>\n<li>Instructions claires sur ses diff\u00e9rents modes d\u2019utilisation<\/li>\n<li>Conseils pour choisir un produit de qualit\u00e9<\/li>\n<li>Et bien plus encore<\/li>\n<\/ul>\n","protected":false},"featured_media":16412,"template":"","meta":{"_acf_changed":false,"advanced_seo_description":"","jetpack_seo_html_title":"","jetpack_seo_noindex":false},"product_brand":[],"product_cat":[45],"product_tag":[],"class_list":{"0":"post-16468","1":"product","2":"type-product","3":"status-publish","4":"has-post-thumbnail","6":"product_cat-fr","8":"first","9":"instock","10":"shipping-taxable","11":"product-type-variable","12":"has-default-attributes"},"acf":[],"jetpack_sharing_enabled":true,"_links":{"self":[{"href":"https:\/\/joyofthemountains.com\/fr\/wp-json\/wp\/v2\/product\/16468","targetHints":{"allow":["GET"]}}],"collection":[{"href":"https:\/\/joyofthemountains.com\/fr\/wp-json\/wp\/v2\/product"}],"about":[{"href":"https:\/\/joyofthemountains.com\/fr\/wp-json\/wp\/v2\/types\/product"}],"wp:featuredmedia":[{"embeddable":true,"href":"https:\/\/joyofthemountains.com\/fr\/wp-json\/wp\/v2\/media\/16412"}],"wp:attachment":[{"href":"https:\/\/joyofthemountains.com\/fr\/wp-json\/wp\/v2\/media?parent=16468"}],"wp:term":[{"taxonomy":"product_brand","embeddable":true,"href":"https:\/\/joyofthemountains.com\/fr\/wp-json\/wp\/v2\/product_brand?post=16468"},{"taxonomy":"product_cat","embeddable":true,"href":"https:\/\/joyofthemountains.com\/fr\/wp-json\/wp\/v2\/product_cat?post=16468"},{"taxonomy":"product_tag","embeddable":true,"href":"https:\/\/joyofthemountains.com\/fr\/wp-json\/wp\/v2\/product_tag?post=16468"}],"curies":[{"name":"wp","href":"https:\/\/api.w.org\/{rel}","templated":true}]}}