{"id":16471,"date":"2023-01-02T12:59:28","date_gmt":"2023-01-02T20:59:28","guid":{"rendered":"https:\/\/joyofthemountains.com\/product\/huile-dorigan-liquide\/"},"modified":"2023-10-03T16:41:22","modified_gmt":"2023-10-03T23:41:22","slug":"huile-dorigan-liquide","status":"publish","type":"product","link":"https:\/\/joyofthemountains.com\/fr\/produits\/huile-dorigan-liquide\/","title":{"rendered":"Huile d\u2019origan \u2013 Liquide"},"content":{"rendered":"","protected":false},"excerpt":{"rendered":"<ul>\n<li>Huile d\u2019origan sauvage m\u00e9diterran\u00e9en certifi\u00e9e biologique<\/li>\n<li>Huile \u00e0 haute activit\u00e9 contenant 75 % \u00e0 85 % de carvacrol naturel<\/li>\n<li>M\u00e9lang\u00e9e \u00e0 1 pour 3 (25 pour 75) avec de l\u2019huile d\u2019olive extra vierge press\u00e9e \u00e0 froid certifi\u00e9e biologique<\/li>\n<li>Chaque lot est analys\u00e9 par un laboratoire certifi\u00e9 ISO 17025 afin de garantir sa puret\u00e9, sa fra\u00eecheur et son activit\u00e9<\/li>\n<li>Laur\u00e9ate de plus de 20 m\u00e9dailles du meilleur produit au prix d\u2019excellence Alive<\/li>\n<\/ul>\n<p>Notre <em>Origanum minutiflorum<\/em> sauvage certifie\u0301 biologique est cueilli a\u0300 la main avec soin dans les hauteurs et transforme\u0301 par des m\u00e9thodes traditionnelles de distillation a\u0300 la vapeur a\u0300 basse temp\u00e9rature. Le r\u00e9sultat est une huile d\u2019origan pure, inalt\u00e9r\u00e9e et tout \u00e0 fait naturelle contenant l\u2019int\u00e9gralit\u00e9 du spectre phytochimique de cette esp\u00e8ce de haute montagne. <\/p>\n","protected":false},"featured_media":16392,"template":"","meta":{"_acf_changed":false,"advanced_seo_description":"","jetpack_seo_html_title":"","jetpack_seo_noindex":false},"product_brand":[],"product_cat":[45],"product_tag":[],"class_list":{"0":"post-16471","1":"product","2":"type-product","3":"status-publish","4":"has-post-thumbnail","6":"product_cat-fr","8":"first","9":"instock","10":"shipping-taxable","11":"product-type-variable","12":"has-default-attributes"},"acf":[],"jetpack_sharing_enabled":true,"_links":{"self":[{"href":"https:\/\/joyofthemountains.com\/fr\/wp-json\/wp\/v2\/product\/16471","targetHints":{"allow":["GET"]}}],"collection":[{"href":"https:\/\/joyofthemountains.com\/fr\/wp-json\/wp\/v2\/product"}],"about":[{"href":"https:\/\/joyofthemountains.com\/fr\/wp-json\/wp\/v2\/types\/product"}],"wp:featuredmedia":[{"embeddable":true,"href":"https:\/\/joyofthemountains.com\/fr\/wp-json\/wp\/v2\/media\/16392"}],"wp:attachment":[{"href":"https:\/\/joyofthemountains.com\/fr\/wp-json\/wp\/v2\/media?parent=16471"}],"wp:term":[{"taxonomy":"product_brand","embeddable":true,"href":"https:\/\/joyofthemountains.com\/fr\/wp-json\/wp\/v2\/product_brand?post=16471"},{"taxonomy":"product_cat","embeddable":true,"href":"https:\/\/joyofthemountains.com\/fr\/wp-json\/wp\/v2\/product_cat?post=16471"},{"taxonomy":"product_tag","embeddable":true,"href":"https:\/\/joyofthemountains.com\/fr\/wp-json\/wp\/v2\/product_tag?post=16471"}],"curies":[{"name":"wp","href":"https:\/\/api.w.org\/{rel}","templated":true}]}}