{"id":16477,"date":"2022-12-22T15:44:54","date_gmt":"2022-12-22T23:44:54","guid":{"rendered":"https:\/\/joyofthemountains.com\/product\/huile-dorigan-capsules\/"},"modified":"2023-10-03T16:43:16","modified_gmt":"2023-10-03T23:43:16","slug":"huile-dorigan-capsules","status":"publish","type":"product","link":"https:\/\/joyofthemountains.com\/fr\/produits\/huile-dorigan-capsules\/","title":{"rendered":"Huile d\u2019origan \u2013 Capsules"},"content":{"rendered":"","protected":false},"excerpt":{"rendered":"<ul>\n<li>Huile d\u2019origan sauvage m\u00e9diterran\u00e9en certifi\u00e9e biologique<\/li>\n<li>Huile \u00e0 haute activit\u00e9 contenant 75 % \u00e0 85 % de carvacrol naturel<\/li>\n<li>Combin\u00e9e aux meilleurs ingr\u00e9dients certifi\u00e9s biologiques et sans OGM<\/li>\n<li>Envelopp\u00e9e dans une capsule \u00e0 lib\u00e9ration rapide VCaps\u00ae Plus enti\u00e8rement v\u00e9g\u00e9tale et facile \u00e0 avaler<\/li>\n<li>Chaque capsule contient une dose pour adulte de 5 gouttes<\/li>\n<li>Chaque lot est analys\u00e9 par un laboratoire certifi\u00e9 ISO 17025 afin de garantir sa puret\u00e9, sa fra\u00eecheur et son activit\u00e9<\/li>\n<li>Laur\u00e9ate de plus de 20 m\u00e9dailles du meilleur produit au prix d\u2019excellence Alive<\/li>\n<\/ul>\n<p>Notre <em>Origanum minutiflorum<\/em> sauvage certifie\u0301 biologique est cueilli a\u0300 la main avec soin dans les hauteurs et transforme\u0301 par des m\u00e9thodes traditionnelles de distillation a\u0300 la vapeur a\u0300 basse temp\u00e9rature. Le r\u00e9sultat est une huile d\u2019origan pure et tout \u00e0 fait naturelle envelopp\u00e9e dans des capsules enti\u00e8rement v\u00e9g\u00e9tales et contenant l\u2019int\u00e9gralit\u00e9 du spectre phytochimique de cette esp\u00e8ce de haute montagne. <\/p>\n<p><strong>Volume<\/strong><br \/>\n90 capsules<\/p>\n","protected":false},"featured_media":16386,"template":"","meta":{"_acf_changed":false,"advanced_seo_description":"","jetpack_seo_html_title":"","jetpack_seo_noindex":false},"product_brand":[],"product_cat":[45],"product_tag":[],"class_list":{"0":"post-16477","1":"product","2":"type-product","3":"status-publish","4":"has-post-thumbnail","6":"product_cat-fr","8":"first","9":"instock","10":"shipping-taxable","11":"product-type-simple"},"acf":[],"jetpack_sharing_enabled":true,"_links":{"self":[{"href":"https:\/\/joyofthemountains.com\/fr\/wp-json\/wp\/v2\/product\/16477","targetHints":{"allow":["GET"]}}],"collection":[{"href":"https:\/\/joyofthemountains.com\/fr\/wp-json\/wp\/v2\/product"}],"about":[{"href":"https:\/\/joyofthemountains.com\/fr\/wp-json\/wp\/v2\/types\/product"}],"wp:featuredmedia":[{"embeddable":true,"href":"https:\/\/joyofthemountains.com\/fr\/wp-json\/wp\/v2\/media\/16386"}],"wp:attachment":[{"href":"https:\/\/joyofthemountains.com\/fr\/wp-json\/wp\/v2\/media?parent=16477"}],"wp:term":[{"taxonomy":"product_brand","embeddable":true,"href":"https:\/\/joyofthemountains.com\/fr\/wp-json\/wp\/v2\/product_brand?post=16477"},{"taxonomy":"product_cat","embeddable":true,"href":"https:\/\/joyofthemountains.com\/fr\/wp-json\/wp\/v2\/product_cat?post=16477"},{"taxonomy":"product_tag","embeddable":true,"href":"https:\/\/joyofthemountains.com\/fr\/wp-json\/wp\/v2\/product_tag?post=16477"}],"curies":[{"name":"wp","href":"https:\/\/api.w.org\/{rel}","templated":true}]}}